{"id":3043,"date":"2022-07-10T18:53:40","date_gmt":"2022-07-10T16:53:40","guid":{"rendered":"https:\/\/esenta.de\/?page_id=3043"},"modified":"2025-05-13T23:25:03","modified_gmt":"2025-05-13T21:25:03","slug":"downloads","status":"publish","type":"page","link":"https:\/\/esenta.de\/en\/downloads\/","title":{"rendered":"Downloads"},"content":{"rendered":"<div id=\"cl_row_69eac901642fc4-41778809\" class=\"cl-row cl-element dark-text\" style=\"padding-top: 45px;padding-bottom: 45px;border-style: solid;\" ><div class=\"video-section social-video\"  data-stream=\"none\" style=\"opacity:0;\"><div class=\"cl-video-centered\"><\/div><\/div><div class=\"bg-layer\" style=\"background-position: left-top;background-size: cover;background-repeat: no-repeat;background-attachment: scroll;background-blend-mode: normal;\" data-delay=\"none\" data-speed=\"400\"  data-parallax-config='{ \"speed\": 0.3 }'><\/div><div class=\"overlay\" style=\"opacity: 0.8;\" ><\/div><div class=\"container container-content\"><div class=\"row cl_row-sortable cl_row-cp-middle cl-col-tablet-none\">\n<div id=\"cl_column_69eac9016444e4-63453784\"  class=\"cl-element cl_column col-sm-12  align-h-left align-v-top effect-none dark-text\" style=\"\" data-delay=\"none\" data-speed=\"400\" >\n    \n    <div class=\"cl_col_wrapper\" style=\"padding-top: 20px;padding-bottom: 20px;border-style: solid;\" >\n    \t\n        <div class=\"bg-layer\" style=\"background-position: left top;background-repeat: no-repeat;background-size: cover;background-attachment: scroll;background-blend-mode: normal;\" ><\/div>\n\n        <div class=\"overlay\" style=\"opacity: 0.8;\" ><\/div>\n\n    \t<div class=\"col-content\">\n        \t\n<div id=\"cl_text_69eac90164502\" class=\"cl-text cl-element\" style=\"margin-top: 35px;\" data-delay=\"none\" data-speed=\"400\" >\n\n\t<h3><strong>Instruction manuals<\/strong><\/h3>\n<ul>\n<li><a href=\"https:\/\/esenta.de\/dl\/ba.pdf\">ESENTA SIAS Gebrauchsanleitungen<\/a><\/li>\n<li><a href=\"https:\/\/esenta.de\/dl\/site\/ba\/is313w\/is313we-w_de.pdf\">Indoor station IS313W Quick guide<\/a><\/li>\n<li><a href=\"https:\/\/esenta.de\/en\/docs\/ausschnitte-fuer-esenta-sias-ip-videotuersprechanlage\/\">Ausschnitte f\u00fcr ESENTA SIAS<\/a><\/li>\n<\/ul>\n<h3><\/h3>\n<h3><strong>Drawings<\/strong><\/h3>\n<ul>\n<li><a href=\"https:\/\/esenta.de\/download\/pms.pdf\">ESENTA Sias Zeichnung f\u00fcr Ausschnitte in S\u00e4ule<\/a><\/li>\n<li><a class=\"customize-unpreviewable\" href=\"https:\/\/esenta.de\/en\/postbox_cutout_and_bolts\/\">ESENTA Sias Zeichnung f\u00fcr Ausschnitte in Briefkasten<\/a><\/li>\n<li><a href=\"https:\/\/esenta.de\/dl\/site\/ba\/2wip\/2wip.pdf\">Connection diagram for ESENTA 2Wire IP module<\/a><\/li>\n<\/ul>\n<h3><\/h3>\n<h3><strong>catalogue<\/strong><\/h3>\n<ul>\n<li><a href=\"https:\/\/esenta.de\/dl\/kat.pdf\">ESENTA product catalog<\/a><\/li>\n<\/ul>\n\n<\/div>\n\n        <\/div><!-- .col-content -->\n\n            <\/div><!-- .cl_col_wrapper -->\n<\/div><!-- .cl_column --><\/div><\/div><\/div>","protected":false},"excerpt":{"rendered":"Gebrauchsanleitungen ESENTA SIAS Gebrauchsanleitungen Innenstation IS313W Kurzanleitung Ausschnitte f\u00fcr ESENTA SIAS Zeichnungen ESENTA Sias Zeichnung f\u00fcr Ausschnitte in S\u00e4ule ESENTA Sias Zeichnung f\u00fcr Ausschnitte in Briefkasten Anschlussdiagramm f\u00fcr ESENTA 2Wire IP Modul Katalog ESENTA Produktkatalog","protected":false},"author":1,"featured_media":0,"parent":0,"menu_order":0,"comment_status":"closed","ping_status":"closed","template":"","meta":[],"yoast_head":"<!-- This site is optimized with the Yoast SEO plugin v20.6 - https:\/\/yoast.com\/wordpress\/plugins\/seo\/ -->\n<title>Downloads - ESENTA<\/title>\n<meta name=\"robots\" content=\"index, follow, max-snippet:-1, max-image-preview:large, max-video-preview:-1\" \/>\n<link rel=\"canonical\" href=\"https:\/\/esenta.de\/en\/downloads\/\" \/>\n<meta property=\"og:locale\" content=\"en_GB\" \/>\n<meta property=\"og:type\" content=\"article\" \/>\n<meta property=\"og:title\" content=\"Downloads - ESENTA\" \/>\n<meta property=\"og:url\" content=\"https:\/\/esenta.de\/en\/downloads\/\" \/>\n<meta property=\"og:site_name\" content=\"ESENTA\" \/>\n<meta property=\"article:modified_time\" content=\"2025-05-13T21:25:03+00:00\" \/>\n<meta name=\"twitter:card\" content=\"summary_large_image\" \/>\n<meta name=\"twitter:label1\" content=\"Estimated reading time\" \/>\n\t<meta name=\"twitter:data1\" content=\"1 minute\" \/>\n<script type=\"application\/ld+json\" class=\"yoast-schema-graph\">{\"@context\":\"https:\/\/schema.org\",\"@graph\":[{\"@type\":\"WebPage\",\"@id\":\"https:\/\/esenta.de\/downloads\/\",\"url\":\"https:\/\/esenta.de\/downloads\/\",\"name\":\"Downloads - ESENTA\",\"isPartOf\":{\"@id\":\"https:\/\/esenta.de\/#website\"},\"datePublished\":\"2022-07-10T16:53:40+00:00\",\"dateModified\":\"2025-05-13T21:25:03+00:00\",\"breadcrumb\":{\"@id\":\"https:\/\/esenta.de\/downloads\/#breadcrumb\"},\"inLanguage\":\"en-GB\",\"potentialAction\":[{\"@type\":\"ReadAction\",\"target\":[\"https:\/\/esenta.de\/downloads\/\"]}]},{\"@type\":\"BreadcrumbList\",\"@id\":\"https:\/\/esenta.de\/downloads\/#breadcrumb\",\"itemListElement\":[{\"@type\":\"ListItem\",\"position\":1,\"name\":\"Startseite\",\"item\":\"https:\/\/esenta.de\/\"},{\"@type\":\"ListItem\",\"position\":2,\"name\":\"Downloads\"}]},{\"@type\":\"WebSite\",\"@id\":\"https:\/\/esenta.de\/#website\",\"url\":\"https:\/\/esenta.de\/\",\"name\":\"ESENTA\",\"description\":\"die intelligente IP T\u00fcrsprechanlage\",\"potentialAction\":[{\"@type\":\"SearchAction\",\"target\":{\"@type\":\"EntryPoint\",\"urlTemplate\":\"https:\/\/esenta.de\/?s={search_term_string}\"},\"query-input\":\"required name=search_term_string\"}],\"inLanguage\":\"en-GB\"}]}<\/script>\n<!-- \/ Yoast SEO plugin. -->","yoast_head_json":{"title":"Downloads - ESENTA","robots":{"index":"index","follow":"follow","max-snippet":"max-snippet:-1","max-image-preview":"max-image-preview:large","max-video-preview":"max-video-preview:-1"},"canonical":"https:\/\/esenta.de\/en\/downloads\/","og_locale":"en_GB","og_type":"article","og_title":"Downloads - ESENTA","og_url":"https:\/\/esenta.de\/en\/downloads\/","og_site_name":"ESENTA","article_modified_time":"2025-05-13T21:25:03+00:00","twitter_card":"summary_large_image","twitter_misc":{"Estimated reading time":"1 minute"},"schema":{"@context":"https:\/\/schema.org","@graph":[{"@type":"WebPage","@id":"https:\/\/esenta.de\/downloads\/","url":"https:\/\/esenta.de\/downloads\/","name":"Downloads - ESENTA","isPartOf":{"@id":"https:\/\/esenta.de\/#website"},"datePublished":"2022-07-10T16:53:40+00:00","dateModified":"2025-05-13T21:25:03+00:00","breadcrumb":{"@id":"https:\/\/esenta.de\/downloads\/#breadcrumb"},"inLanguage":"en-GB","potentialAction":[{"@type":"ReadAction","target":["https:\/\/esenta.de\/downloads\/"]}]},{"@type":"BreadcrumbList","@id":"https:\/\/esenta.de\/downloads\/#breadcrumb","itemListElement":[{"@type":"ListItem","position":1,"name":"Startseite","item":"https:\/\/esenta.de\/"},{"@type":"ListItem","position":2,"name":"Downloads"}]},{"@type":"WebSite","@id":"https:\/\/esenta.de\/#website","url":"https:\/\/esenta.de\/","name":"ESENTA","description":"die intelligente IP T\u00fcrsprechanlage","potentialAction":[{"@type":"SearchAction","target":{"@type":"EntryPoint","urlTemplate":"https:\/\/esenta.de\/?s={search_term_string}"},"query-input":"required name=search_term_string"}],"inLanguage":"en-GB"}]}},"_links":{"self":[{"href":"https:\/\/esenta.de\/en\/wp-json\/wp\/v2\/pages\/3043"}],"collection":[{"href":"https:\/\/esenta.de\/en\/wp-json\/wp\/v2\/pages"}],"about":[{"href":"https:\/\/esenta.de\/en\/wp-json\/wp\/v2\/types\/page"}],"author":[{"embeddable":true,"href":"https:\/\/esenta.de\/en\/wp-json\/wp\/v2\/users\/1"}],"replies":[{"embeddable":true,"href":"https:\/\/esenta.de\/en\/wp-json\/wp\/v2\/comments?post=3043"}],"version-history":[{"count":0,"href":"https:\/\/esenta.de\/en\/wp-json\/wp\/v2\/pages\/3043\/revisions"}],"wp:attachment":[{"href":"https:\/\/esenta.de\/en\/wp-json\/wp\/v2\/media?parent=3043"}],"curies":[{"name":"wp","href":"https:\/\/api.w.org\/{rel}","templated":true}]}}