{"id":3806,"date":"2024-01-16T19:58:27","date_gmt":"2024-01-16T18:58:27","guid":{"rendered":"https:\/\/esenta.de\/downloads-copy\/"},"modified":"2025-09-11T16:19:23","modified_gmt":"2025-09-11T14:19:23","slug":"technologiepartner","status":"publish","type":"page","link":"https:\/\/esenta.de\/en\/technologiepartner\/","title":{"rendered":"Technologiepartner"},"content":{"rendered":"<div id=\"cl_row_69d99a7ce7dfb9-27692624\" class=\"cl-row cl-element dark-text\" style=\"padding-top: 45px;padding-bottom: 45px;border-style: solid;\" ><div class=\"video-section social-video\"  data-stream=\"none\" style=\"opacity:0;\"><div class=\"cl-video-centered\"><\/div><\/div><div class=\"bg-layer\" style=\"background-position: left-top;background-size: cover;background-repeat: no-repeat;background-attachment: scroll;background-blend-mode: normal;\" data-delay=\"none\" data-speed=\"400\"  data-parallax-config='{ \"speed\": 0.3 }'><\/div><div class=\"overlay\" style=\"opacity: 0.8;\" ><\/div><div class=\"container container-content\"><div class=\"row cl_row-sortable cl_row-cp-middle cl-col-tablet-none\">\n<div id=\"cl_column_69d99a7ce7eff7-70812809\"  class=\"cl-element cl_column col-sm-6  align-h-left align-v-top effect-none dark-text\" style=\"\" data-delay=\"none\" data-speed=\"400\" >\n    \n    <div class=\"cl_col_wrapper\" style=\"padding-top: 20px;padding-bottom: 20px;border-style: solid;\" >\n    \t\n        <div class=\"bg-layer\" style=\"background-position: left top;background-repeat: no-repeat;background-size: cover;background-attachment: scroll;background-blend-mode: normal;\" ><\/div>\n\n        <div class=\"overlay\" style=\"opacity: 0.8;\" ><\/div>\n\n    \t<div class=\"col-content\">\n        \t\n<div class=\"cl_media cl-element type-image position_center\" style=\"margin-top: 15px;\" data-delay=\"none\" data-speed=\"400\" >\n\n\t\t<a target=\"_self\" href=\"https:\/\/www.innovaphone.com\" class=\"custom-link\"><\/a>\n\t\n\t<div class=\"inner\"  style=\"\" >\n\t\n\t\t\n\t\t\n\t\t<img width=\"3384\" height=\"1017\" src=\"https:\/\/esenta.de\/wp-content\/uploads\/2025\/09\/innovaphone_Logo_gruen_grau_RGB_Fisch_neben_Claim_2025.png\" class=\"attachment-theme_default size-theme_default\" alt=\"\" loading=\"lazy\" srcset=\"https:\/\/esenta.de\/wp-content\/uploads\/2025\/09\/innovaphone_Logo_gruen_grau_RGB_Fisch_neben_Claim_2025.png 3384w, https:\/\/esenta.de\/wp-content\/uploads\/2025\/09\/innovaphone_Logo_gruen_grau_RGB_Fisch_neben_Claim_2025-300x90.png 300w, https:\/\/esenta.de\/wp-content\/uploads\/2025\/09\/innovaphone_Logo_gruen_grau_RGB_Fisch_neben_Claim_2025-1920x577.png 1920w, https:\/\/esenta.de\/wp-content\/uploads\/2025\/09\/innovaphone_Logo_gruen_grau_RGB_Fisch_neben_Claim_2025-768x231.png 768w, https:\/\/esenta.de\/wp-content\/uploads\/2025\/09\/innovaphone_Logo_gruen_grau_RGB_Fisch_neben_Claim_2025-1536x462.png 1536w, https:\/\/esenta.de\/wp-content\/uploads\/2025\/09\/innovaphone_Logo_gruen_grau_RGB_Fisch_neben_Claim_2025-2048x615.png 2048w, https:\/\/esenta.de\/wp-content\/uploads\/2025\/09\/innovaphone_Logo_gruen_grau_RGB_Fisch_neben_Claim_2025-18x5.png 18w\" sizes=\"(max-width: 3384px) 100vw, 3384px\" \/>\n\t\n\t\t\t\n\t<\/div>\n<\/div>        <\/div><!-- .col-content -->\n\n            <\/div><!-- .cl_col_wrapper -->\n<\/div><!-- .cl_column -->\n<div id=\"cl_column_69d99a7ce82c49-59163726\"  class=\"cl-element cl_column col-sm-6  align-h-left align-v-top effect-none dark-text\" style=\"\" data-delay=\"none\" data-speed=\"400\" >\n    \n    <div class=\"cl_col_wrapper\" style=\"padding-top: 20px;padding-bottom: 20px;border-style: solid;\" >\n    \t\n        <div class=\"bg-layer\" style=\"background-position: left top;background-repeat: no-repeat;background-size: cover;background-attachment: scroll;background-blend-mode: normal;\" ><\/div>\n\n        <div class=\"overlay\" style=\"opacity: 0.8;\" ><\/div>\n\n    \t<div class=\"col-content\">\n        \t\n<div id=\"cl_text_69d99a7ce8371\" class=\"cl-text cl-element\" style=\"margin-top: 35px;\" data-delay=\"none\" data-speed=\"400\" >\n\n\t<p>innovative start-up, VoIP pioneer, UCC specialist, medium sized German high-tech company \u2013 These are only a few of the key terms to describe the company history of innovaphone. Today, innovaphone AG is a leading European provider of enterprise communications and digital collaboration solutions, with the innovaphone myApps platform. All innovaphone hardware and software solutions are developed in-house by engineers and software specialists and produced in Europe. The headquarters are located in Sindelfingen, Germany, and the company has additional sites in other parts of Germany, Austria, Italy, and Scandinavia. innovaphone currently employs approximately 150 employees. Ever since its founding in 1997, the company has been owner-managed and financed to 100% by private funds<\/p>\n\n<\/div>\n\n        <\/div><!-- .col-content -->\n\n            <\/div><!-- .cl_col_wrapper -->\n<\/div><!-- .cl_column -->\n<div id=\"cl_column_69d99a7ce83d92-51953196\"  class=\"cl-element cl_column col-sm-12  align-h-left align-v-top effect-none dark-text\" style=\"\" data-delay=\"none\" data-speed=\"400\" >\n    \n    <div class=\"cl_col_wrapper\" style=\"padding-top: 20px;padding-bottom: 20px;border-style: solid;\" >\n    \t\n        <div class=\"bg-layer\" style=\"background-position: left top;background-repeat: no-repeat;background-size: cover;background-attachment: scroll;background-blend-mode: normal;\" ><\/div>\n\n        <div class=\"overlay\" style=\"opacity: 0.8;\" ><\/div>\n\n    \t<div class=\"col-content\">\n        \t        <\/div><!-- .col-content -->\n\n            <\/div><!-- .cl_col_wrapper -->\n<\/div><!-- .cl_column --><\/div><\/div><\/div>","protected":false},"excerpt":{"rendered":"Innovatives Start-Up, VoIP-Pionier, schw\u00e4bische Technologieschmiede, UC-Spezialist, mittelst\u00e4ndisches High-Tech-Unternehmen \u2013 das sind nur einige Attribute und Meilensteine, die zur Firmenhistorie von innovaphone geh\u00f6ren. Heute ist die innovaphone AG ein f\u00fchrender europ\u00e4ischer Anbieter von Arbeits- und Kommunikationsl\u00f6sungen mit der innovaphone myApps Plattform. [...]","protected":false},"author":1,"featured_media":0,"parent":0,"menu_order":0,"comment_status":"closed","ping_status":"closed","template":"","meta":[],"yoast_head":"<!-- This site is optimized with the Yoast SEO plugin v20.6 - https:\/\/yoast.com\/wordpress\/plugins\/seo\/ -->\n<title>Technologiepartner - ESENTA<\/title>\n<meta name=\"robots\" content=\"index, follow, max-snippet:-1, max-image-preview:large, max-video-preview:-1\" \/>\n<link rel=\"canonical\" href=\"https:\/\/esenta.de\/en\/technologiepartner\/\" \/>\n<meta property=\"og:locale\" content=\"en_GB\" \/>\n<meta property=\"og:type\" content=\"article\" \/>\n<meta property=\"og:title\" content=\"Technologiepartner - ESENTA\" \/>\n<meta property=\"og:url\" content=\"https:\/\/esenta.de\/en\/technologiepartner\/\" \/>\n<meta property=\"og:site_name\" content=\"ESENTA\" \/>\n<meta property=\"article:modified_time\" content=\"2025-09-11T14:19:23+00:00\" \/>\n<meta name=\"twitter:card\" content=\"summary_large_image\" \/>\n<meta name=\"twitter:label1\" content=\"Estimated reading time\" \/>\n\t<meta name=\"twitter:data1\" content=\"1 minute\" \/>\n<script type=\"application\/ld+json\" class=\"yoast-schema-graph\">{\"@context\":\"https:\/\/schema.org\",\"@graph\":[{\"@type\":\"WebPage\",\"@id\":\"https:\/\/esenta.de\/technologiepartner\/\",\"url\":\"https:\/\/esenta.de\/technologiepartner\/\",\"name\":\"Technologiepartner - ESENTA\",\"isPartOf\":{\"@id\":\"https:\/\/esenta.de\/#website\"},\"datePublished\":\"2024-01-16T18:58:27+00:00\",\"dateModified\":\"2025-09-11T14:19:23+00:00\",\"breadcrumb\":{\"@id\":\"https:\/\/esenta.de\/technologiepartner\/#breadcrumb\"},\"inLanguage\":\"en-GB\",\"potentialAction\":[{\"@type\":\"ReadAction\",\"target\":[\"https:\/\/esenta.de\/technologiepartner\/\"]}]},{\"@type\":\"BreadcrumbList\",\"@id\":\"https:\/\/esenta.de\/technologiepartner\/#breadcrumb\",\"itemListElement\":[{\"@type\":\"ListItem\",\"position\":1,\"name\":\"Startseite\",\"item\":\"https:\/\/esenta.de\/\"},{\"@type\":\"ListItem\",\"position\":2,\"name\":\"Technologiepartner\"}]},{\"@type\":\"WebSite\",\"@id\":\"https:\/\/esenta.de\/#website\",\"url\":\"https:\/\/esenta.de\/\",\"name\":\"ESENTA\",\"description\":\"die intelligente IP T\u00fcrsprechanlage\",\"potentialAction\":[{\"@type\":\"SearchAction\",\"target\":{\"@type\":\"EntryPoint\",\"urlTemplate\":\"https:\/\/esenta.de\/?s={search_term_string}\"},\"query-input\":\"required name=search_term_string\"}],\"inLanguage\":\"en-GB\"}]}<\/script>\n<!-- \/ Yoast SEO plugin. -->","yoast_head_json":{"title":"Technologiepartner - ESENTA","robots":{"index":"index","follow":"follow","max-snippet":"max-snippet:-1","max-image-preview":"max-image-preview:large","max-video-preview":"max-video-preview:-1"},"canonical":"https:\/\/esenta.de\/en\/technologiepartner\/","og_locale":"en_GB","og_type":"article","og_title":"Technologiepartner - ESENTA","og_url":"https:\/\/esenta.de\/en\/technologiepartner\/","og_site_name":"ESENTA","article_modified_time":"2025-09-11T14:19:23+00:00","twitter_card":"summary_large_image","twitter_misc":{"Estimated reading time":"1 minute"},"schema":{"@context":"https:\/\/schema.org","@graph":[{"@type":"WebPage","@id":"https:\/\/esenta.de\/technologiepartner\/","url":"https:\/\/esenta.de\/technologiepartner\/","name":"Technologiepartner - ESENTA","isPartOf":{"@id":"https:\/\/esenta.de\/#website"},"datePublished":"2024-01-16T18:58:27+00:00","dateModified":"2025-09-11T14:19:23+00:00","breadcrumb":{"@id":"https:\/\/esenta.de\/technologiepartner\/#breadcrumb"},"inLanguage":"en-GB","potentialAction":[{"@type":"ReadAction","target":["https:\/\/esenta.de\/technologiepartner\/"]}]},{"@type":"BreadcrumbList","@id":"https:\/\/esenta.de\/technologiepartner\/#breadcrumb","itemListElement":[{"@type":"ListItem","position":1,"name":"Startseite","item":"https:\/\/esenta.de\/"},{"@type":"ListItem","position":2,"name":"Technologiepartner"}]},{"@type":"WebSite","@id":"https:\/\/esenta.de\/#website","url":"https:\/\/esenta.de\/","name":"ESENTA","description":"die intelligente IP T\u00fcrsprechanlage","potentialAction":[{"@type":"SearchAction","target":{"@type":"EntryPoint","urlTemplate":"https:\/\/esenta.de\/?s={search_term_string}"},"query-input":"required name=search_term_string"}],"inLanguage":"en-GB"}]}},"_links":{"self":[{"href":"https:\/\/esenta.de\/en\/wp-json\/wp\/v2\/pages\/3806"}],"collection":[{"href":"https:\/\/esenta.de\/en\/wp-json\/wp\/v2\/pages"}],"about":[{"href":"https:\/\/esenta.de\/en\/wp-json\/wp\/v2\/types\/page"}],"author":[{"embeddable":true,"href":"https:\/\/esenta.de\/en\/wp-json\/wp\/v2\/users\/1"}],"replies":[{"embeddable":true,"href":"https:\/\/esenta.de\/en\/wp-json\/wp\/v2\/comments?post=3806"}],"version-history":[{"count":0,"href":"https:\/\/esenta.de\/en\/wp-json\/wp\/v2\/pages\/3806\/revisions"}],"wp:attachment":[{"href":"https:\/\/esenta.de\/en\/wp-json\/wp\/v2\/media?parent=3806"}],"curies":[{"name":"wp","href":"https:\/\/api.w.org\/{rel}","templated":true}]}}